{"id":397,"date":"2024-03-02T18:39:46","date_gmt":"2024-03-02T18:39:46","guid":{"rendered":"https:\/\/psicologamarcelascarafia.com\/?page_id=397"},"modified":"2024-03-02T18:48:51","modified_gmt":"2024-03-02T18:48:51","slug":"curriculum","status":"publish","type":"page","link":"https:\/\/psicologamarcelascarafia.com\/en_en\/curriculum\/","title":{"rendered":"Curriculum"},"content":{"rendered":"<section class=\"section\" id=\"section_2054382952\">\n\t\t<div class=\"bg section-bg fill bg-fill  bg-loaded\" >\n\n\t\t\t\n\t\t\t\n\t\t\t\n\n\t\t<\/div>\n\n\t\t\n\n\t\t<div class=\"section-content relative\">\n\t\t\t\n\n<div class=\"row row-full-width align-center\"  id=\"row-161571890\">\n\n\n\t<div id=\"col-1165907552\" class=\"col medium-7 small-12 large-8\"  >\n\t\t\t\t<div class=\"col-inner text-center\"  >\n\t\t\t\n\t\t\t\n\n<div class=\"container section-title-container\" ><h3 class=\"section-title section-title-normal\"><b><\/b><span class=\"section-title-main\" >CURR\u00cdCULUM VITAE<\/span><b><\/b><\/h3><\/div>\n\n<h2 style=\"text-align: center;\"><span style=\"font-weight: 400;\">MAGISTER MARCELA SCARAFIA<\/span><\/h2>\n<h2 style=\"text-align: center;\"><span style=\"font-weight: 400;\">Professional License 1451<\/span><\/h2>\n<h2 style=\"text-align: center;\"><span style=\"font-weight: 400;\">Specialist License in Legal Psychology 405<\/span><\/h2>\n\t<div id=\"gap-1161281312\" class=\"gap-element clearfix\" style=\"display:block; height:auto;\">\n\t\t\n<style>\n#gap-1161281312 {\n  padding-top: 40px;\n}\n<\/style>\n\t<\/div>\n\t\n\n<p>\u00a0<\/p>\n<h3 style=\"text-align: left;\"><strong>Professional Development and Training in Clinical Area:\u00a0<\/strong><\/h3>\n<ul style=\"text-align: left;\">\n<li style=\"font-weight: 400;\" aria-level=\"1\"><span style=\"font-weight: 400;\">Bachelor's in Psychology. National University of C\u00f3rdoba - Argentina<\/span><\/li>\n<li style=\"font-weight: 400;\" aria-level=\"1\"><span style=\"font-weight: 400;\">Master's in Neuropsychology. National University of C\u00f3rdoba - Argentina<\/span><\/li>\n<li style=\"font-weight: 400;\" aria-level=\"1\"><span style=\"font-weight: 400;\">National and international psychotherapist since 1989, specialized in psychic trauma and chronic stress.\u00a0\u00a0<\/span><\/li>\n<li style=\"font-weight: 400;\" aria-level=\"1\"><span style=\"font-weight: 400;\">Training in Systemic Therapy. Buenos Aires, Argentina, 1989.<\/span><\/li>\n<li style=\"font-weight: 400;\" aria-level=\"1\"><span style=\"font-weight: 400;\">Postgraduate training in Gestalt Therapy (1990-2004) at the Gestalt Institute of C\u00f3rdoba - Argentina.<\/span><\/li>\n<li style=\"font-weight: 400;\" aria-level=\"1\"><span style=\"font-weight: 400;\">Postgraduate in Psychotrauma. CIPSE. C\u00f3rdoba - Argentina, 2009.\u00a0<\/span><\/li>\n<li style=\"font-weight: 400;\" aria-level=\"1\"><span style=\"font-weight: 400;\">EMDR training, part I and II - CIPSE - Buenos Aires, Argentina, 2010.<\/span><\/li>\n<li style=\"font-weight: 400;\" aria-level=\"1\"><span style=\"font-weight: 400;\">Training in Acceptance and Commitment Therapy. CIPCO. - C\u00f3rdoba - Argentina, 2017.<\/span><\/li>\n<li style=\"font-weight: 400;\" aria-level=\"1\"><span style=\"font-weight: 400;\">Diploma in Psychoneuroimmunoendocrinology - Stress Medicine - Faculty of Medicine - National University of C\u00f3rdoba - 2017-2018.<\/span><\/li>\n<li style=\"font-weight: 400;\" aria-level=\"1\"><span style=\"font-weight: 400;\">Diploma in Epigenetics - Stress Medicine - National University of C\u00f3rdoba - 2021.<\/span><\/li>\n<\/ul>\n<p style=\"text-align: left;\">\u00a0<\/p>\n<h2 style=\"text-align: left;\"><strong>Teaching in Clinical Psychology:\u00a0<\/strong><\/h2>\n<ul style=\"text-align: left;\">\n<li style=\"font-weight: 400;\" aria-level=\"1\"><span style=\"font-weight: 400;\">Instructor: Chair of Psychological Clinic and Psychotherapies. Faculty of Psychology. National University of C\u00f3rdoba, 1992 and 1993.<\/span><\/li>\n<li style=\"font-weight: 400;\" aria-level=\"1\"><span style=\"font-weight: 400;\">Organizer and instructor of the Postgraduate Course on \"Psychic Trauma and Psychic Damage\" at the Faculty of Psychology, National University of C\u00f3rdoba, Argentina, 2016.<\/span><\/li>\n<li style=\"font-weight: 400;\" aria-level=\"1\"><span style=\"font-weight: 400;\">Academic Manager, Teacher and Organizer of the Annual Theoretical and Practical Extension Course \u201cThe Classification and Interpretation of the Protocol in the Rorschach Test\u201d. Faculty of Psychology \u2013 National University of C\u00f3rdoba. 2005.\u00a0<\/span><\/li>\n<li style=\"font-weight: 400;\" aria-level=\"1\"><span style=\"font-weight: 400;\">Organizer and teacher of the postgraduate course on \u201cPsychic Trauma and Psychological Damage\u201d. Faculty of Psychology. National University of Cordoba. Argentina. 2016.<\/span><\/li>\n<li style=\"font-weight: 400;\" aria-level=\"1\"><span style=\"font-weight: 400;\">Organizer, Academic Head, and Speaker at the \"Stress Days: a scourge in our time\" at the Faculty of Psychology, UNC, September 2017.<\/span><\/li>\n<li style=\"font-weight: 400;\" aria-level=\"1\"><span style=\"font-weight: 400;\">Organizer and instructor of the Course: \"Mindfulness Training for the prevention of violence and addictions in children and adolescents\" at the National University of C\u00f3rdoba, 2017.<\/span><\/li>\n<li style=\"font-weight: 400;\" aria-level=\"1\"><span style=\"font-weight: 400;\">Organizer and instructor of the Postgraduate Course on \"Psychotrauma\" at the Faculty of Psychology, National University of C\u00f3rdoba, Argentina, 2018.<\/span><\/li>\n<li style=\"font-weight: 400;\" aria-level=\"1\"><span style=\"font-weight: 400;\">Instructor of the Postgraduate Diploma in Psychoneuroimmunoendocrinology. Stress Medicine at the National University of C\u00f3rdoba, 2020.\u00a0<\/span><\/li>\n<li style=\"font-weight: 400;\" aria-level=\"1\"><span style=\"font-weight: 400;\">Instructor of the postgraduate diploma in Epigenetics. Stress Medicine at the National University of C\u00f3rdoba 2023.\u00a0\u00a0<\/span><\/li>\n<li style=\"font-weight: 400;\" aria-level=\"1\"><span style=\"font-weight: 400;\">Organizer and Teacher of the international postgraduate course \u201cPsychic Trauma: a challenge for the clinic\u201d. Faculty of Psychology \u2013 National University of C\u00f3rdoba 2023.\u00a0<\/span><\/li>\n<li style=\"font-weight: 400;\" aria-level=\"1\"><span style=\"font-weight: 400;\">Director of the experiential workshop for judges and prosecutors from Buenos Aires. \"Conscious decisions: managing chronic stress\" in C\u00f3rdoba, Argentina 2023.<\/span><\/li>\n<li style=\"font-weight: 400;\" aria-level=\"1\"><span style=\"font-weight: 400;\">Director of the international experiential workshop \"Stress Management: from neuroscience and full awareness\" for businesspeople and judges in C\u00f3rdoba, Argentina 2024.- Speaker at national and international congresses and seminars on Psychic Trauma and stress.\u00a0<\/span><\/li>\n<li style=\"font-weight: 400;\" aria-level=\"1\"><span style=\"font-weight: 400;\">Speaker at national and international conferences and seminars on Psychological Trauma and stress.\u00a0<\/span><\/li>\n<li style=\"font-weight: 400;\" aria-level=\"1\"><span style=\"font-weight: 400;\">Upcoming: Director of the workshop \"Navigating Chronic Stress\" in Tulum, Mexico, May 2024.<\/span><\/li>\n<\/ul>\n<p style=\"text-align: left;\">\u00a0<\/p>\n<h3 style=\"text-align: left;\"><strong>Roles related to clinical performance:<\/strong><\/h3>\n<ul style=\"text-align: left;\">\n<li style=\"font-weight: 400;\" aria-level=\"1\"><span style=\"font-weight: 400;\">In charge of the General Organization of the \"3rd Psychology Update Days,\" Chair of Psychological Clinic and Psychotherapies, School of Psychology, Faculty of Philosophy and Humanities, National University of C\u00f3rdoba, 1992.\u00a0<\/span><\/li>\n<li style=\"font-weight: 400;\" aria-level=\"1\"><span style=\"font-weight: 400;\">Executive Coordinator of the \"First Anxiety Disorders Days in C\u00f3rdoba,\" organized by the Institute of Higher Studies of the Judiciary of the Association of Magistrates and Judicial Officials of the Province of C\u00f3rdoba. Argentine Association of Anxiety Disorders, 1999.<\/span><\/li>\n<\/ul>\n<p style=\"text-align: left;\"><br \/><br \/><br \/><br \/><\/p>\n<h3 style=\"text-align: left;\"><b>Forensic Area:\u00a0<\/b><\/h3>\n<ul style=\"text-align: left;\">\n<li style=\"font-weight: 400;\" aria-level=\"1\"><span style=\"font-weight: 400;\">Official Psychologist Expert in the Forensic Psychology Service of the Judicial Power of the Province of C\u00f3rdoba since 1989 to date. 20,160 psychological expertises conducted over 35 years, including Neuropsychological Expertises as the only professional within the Judiciary dedicated to that specialty, Psychological Autopsies, Reception of Testimony from Children and Adolescents in Gesell Chamber, Interdisciplinary Expertises, conventional Expertises, and ongoing advice to Magistrates.<\/span><\/li>\n<li style=\"font-weight: 400;\" aria-level=\"1\"><span style=\"font-weight: 400;\">Specialist in Legal Psychology. Granted by the College of Psychologists of the Province of C\u00f3rdoba. 1999.<\/span><\/li>\n<li style=\"font-weight: 400;\" aria-level=\"1\"><span style=\"font-weight: 400;\">Organizer, Academic Head, and Instructor of Workshops and Postgraduate Courses on Forensic Psychology and Forensic Sciences from 2003 to date. Faculty of Psychology. UNC. With thematic innovation, updating, and lectures by national and international specialists invited in each cycle.\u00a0<\/span><\/li>\n<\/ul>\n<ul style=\"text-align: left;\">\n<li style=\"font-weight: 400;\" aria-level=\"1\"><span style=\"font-weight: 400;\">Responsible and Instructor of the international postgraduate course: Rorschach Test in the forensic field. Hartman University. Mexico. 2021<\/span><\/li>\n<li style=\"font-weight: 400;\" aria-level=\"1\"><span style=\"font-weight: 400;\">Responsible and Instructor of the postgraduate course: Psychological Autopsy. Hartman University. Mexico. 2020<\/span><\/li>\n<li style=\"font-weight: 400;\" aria-level=\"1\"><span style=\"font-weight: 400;\">Responsible and Professor of the postgraduate course: Psychological Autopsy: Hartman University. Mexico. 2020<\/span><\/li>\n<li style=\"font-weight: 400;\" aria-level=\"1\"><span style=\"font-weight: 400;\">Organizer, Academic Head, and Speaker at the \"Forensic Sciences Days\". Faculty of Psychology. UNC. November 2017.<\/span><\/li>\n<li style=\"font-weight: 400;\" aria-level=\"1\"><span style=\"font-weight: 400;\">Academic Head, Director, and Instructor of the Annual Course of The Clinic and Praxis in Forensic Psychology: Evaluation Techniques in Psychological Expertise. Faculty of Psychology National University of C\u00f3rdoba. 2016<\/span><\/li>\n<li style=\"font-weight: 400;\" aria-level=\"1\"><span style=\"font-weight: 400;\">Holder of the Chair of Forensic Psychology in the Specialty Career of Legal Psychology at the Faculty of Psychology. UNC. Since 2016.<\/span><\/li>\n<li style=\"font-weight: 400;\" aria-level=\"1\"><span style=\"font-weight: 400;\">Academic Manager, Director and Teacher of the Annual Course The Clinic and Praxis in Forensic Psychology: Evaluation Techniques in the Psychological Expertise of Forensic Psychology. Faculty of Psychology National University of C\u00f3rdoba. 2015<\/span><\/li>\n<li style=\"font-weight: 400;\" aria-level=\"1\"><span style=\"font-weight: 400;\">Academic Head, Director, and Instructor of the Annual Forensic Psychology Courses. Faculty of Psychology National University of C\u00f3rdoba.2014<\/span><\/li>\n<li style=\"font-weight: 400;\" aria-level=\"1\"><span style=\"font-weight: 400;\">Jury member for the selection of experts for the Supreme Court of Justice. 2014.<\/span><\/li>\n<li style=\"font-weight: 400;\" aria-level=\"1\"><span style=\"font-weight: 400;\">Academic Head, Director, and Instructor of the Annual Forensic Psychology Courses. Faculty of Psychology National University of C\u00f3rdoba.2013<\/span><\/li>\n<li style=\"font-weight: 400;\" aria-level=\"1\"><span style=\"font-weight: 400;\">Academic Head, Director, and Instructor of the Annual Forensic Psychology Courses. Faculty of Psychology National University of C\u00f3rdoba.2012<\/span><\/li>\n<li style=\"font-weight: 400;\" aria-level=\"1\"><span style=\"font-weight: 400;\">Academic Head, Director, and Instructor of the Annual Forensic Psychology Courses. Faculty of Psychology National University of C\u00f3rdoba.2011<\/span><\/li>\n<li style=\"font-weight: 400;\" aria-level=\"1\"><span style=\"font-weight: 400;\">Director and Instructor of the Postgraduate Course: \"The Witness and the Victim in Forensic Psychology. Update Course. Organized by the Union Association of Judicial Employees of C\u00f3rdoba. 2010<\/span><\/li>\n<li style=\"font-weight: 400;\" aria-level=\"1\"><span style=\"font-weight: 400;\">Academic Head, Director, Instructor, and Organizer of the annual course during the years 2005, 2006, 2007, and 2008 of \"Forensic Sciences. Multidisciplinary Approach. Psychology, Psychiatry and Forensic Medicine. Criminal Law. Criminal Investigation and Socio-cultural Context Issues\". Faculty of Psychology. National University of C\u00f3rdoba.\u00a0<\/span><\/li>\n<li style=\"font-weight: 400;\" aria-level=\"1\"><span style=\"font-weight: 400;\">Instructor: Chair of Criminological Psychology. (by competition). Faculty of Psychology National University of C\u00f3rdoba. 2007 \u2013 2009.<\/span><\/li>\n<li style=\"font-weight: 400;\" aria-level=\"1\"><span style=\"font-weight: 400;\">Academic Head, Instructor, and Organizer of the Annual Theoretical Practical Extension Course \"The Classification and Interpretation of the Protocol in the Rorschach Test\". Faculty of Psychology National University of C\u00f3rdoba. 2005<\/span><\/li>\n<li style=\"font-weight: 400;\" aria-level=\"1\"><span style=\"font-weight: 400;\">Member of the Teaching Staff of the Diploma \"The Rights of the Child and Adolescent. Multidisciplinary Study\". Postgraduate Secretariat. Faculty of Law and Social Sciences. National University of C\u00f3rdoba. 2005.\u00a0<\/span><\/li>\n<li style=\"font-weight: 400;\" aria-level=\"1\"><span style=\"font-weight: 400;\">Instructor Chair of Forensic Psychology. Non-Permanent Elective Chair. Faculty of Psychology. National University of C\u00f3rdoba. 2004-2006<\/span><\/li>\n<li style=\"font-weight: 400;\" aria-level=\"1\"><span style=\"font-weight: 400;\">Academic Head, Instructor, and Organizer of the Extension Course \"Forensic Sciences. Multidisciplinary Approach. Forensic Psychology and Psychiatry. Criminal Law. Criminal Investigation\". Faculty of Psychology. National University of C\u00f3rdoba. 2004.\u00a0<\/span><\/li>\n<li style=\"font-weight: 400;\" aria-level=\"1\"><span style=\"font-weight: 400;\">Academic Head, Instructor, and Organizer of the Extension Course: \"The Phenomenological Approach in the Content Interpretation of the Rorschach Test\". Faculty of Psychology. National University of C\u00f3rdoba. 2004.\u00a0<\/span><\/li>\n<li style=\"font-weight: 400;\" aria-level=\"1\"><span style=\"font-weight: 400;\">Academic Head, Instructor, and Organizer of the Extension Course: \"The Phenomenological Approach in the Content Interpretation of the Rorschach Test\". Faculty of Psychology. National University of C\u00f3rdoba. 2004.\u00a0<\/span><\/li>\n<li style=\"font-weight: 400;\" aria-level=\"1\"><span style=\"font-weight: 400;\">Academic Head, Instructor, and Organizer of the Extension Course \"Forensic Psychology. Second Course\". Faculty of Psychology. National University of C\u00f3rdoba. 2004.\u00a0<\/span><\/li>\n<li style=\"font-weight: 400;\" aria-level=\"1\"><span style=\"font-weight: 400;\">Instructor and Coordinator of the Course \"The Phenomenological Approach in the Content Interpretation in the Rorschach Test\". Institute of Applied Cognitive Sciences SEMAS. 2003.\u00a0<\/span><\/li>\n<li style=\"font-weight: 400;\" aria-level=\"1\"><span style=\"font-weight: 400;\">Instructor and Organizer of the Course \"Considerations on the Psychological Expertise in the Field of Legal Psychology\". College of Psychologists of the Province of C\u00f3rdoba. 2003.\u00a0<\/span><\/li>\n<li style=\"font-weight: 400;\" aria-level=\"1\"><span style=\"font-weight: 400;\">Instructor, Academic Head, and Organizer of the Extension Course \"Forensic Psychology\" at the Faculty of Psychology, National University of C\u00f3rdoba, 2003.\u00a0<\/span><\/li>\n<li style=\"font-weight: 400;\" aria-level=\"1\"><span style=\"font-weight: 400;\">Trainer in the \"Forensic Expertise Training Cycle\" at the Ricardo C. N\u00fa\u00f1ez Advanced Training Center, Superior Court of Justice of the Province of C\u00f3rdoba, 2003.<\/span><\/li>\n<li style=\"font-weight: 400;\" aria-level=\"1\"><span style=\"font-weight: 400;\">\u00a0Trainer of the Seminar \"Child Abuse\" at the Ricardo C. N\u00fa\u00f1ez Advanced Training Center, Judicial Services Directorate, Training, Teaching, and Research Committee, Judicial Power of the Province of C\u00f3rdoba, 2001.\u00a0<\/span><\/li>\n<\/ul>\n<p style=\"text-align: left;\"><br \/><br \/><\/p>\n<h3 style=\"text-align: left;\"><strong>Publications:<\/strong><\/h3>\n<ol style=\"text-align: left;\">\n<li style=\"font-weight: 400;\" aria-level=\"1\"><span style=\"font-weight: 400;\">1- \"Perverse Psychopathy and its Effects\" in \"Sexual Crimes\", Compiler Dr. Jorge Luis Villada \u2013 March 2006, La Ley Publishing, Buenos Aires.\u00a0<\/span><\/li>\n<li style=\"font-weight: 400;\" aria-level=\"1\"><span style=\"font-weight: 400;\">\"The Psychological Impact on the Victim in Situations of Suspended Trial\" in \"Suspended Trial: Probation or Approval\". Dr. Marcelo Altamirano, compiler. Ed. (2013). <\/span>(2013).<\/li>\n<li style=\"font-weight: 400;\" aria-level=\"1\">\u00a0\"The Psychological Profile of the Groomer\" in Online Harassment of Children and Adolescents. 2020. Scarafia Marcela, Dupuy Daniela, Neme Catalina, De Martini Mar\u00eda. Ed Hammurabi. Buenos Aires, Argentina.<\/li>\n<li style=\"font-weight: 400;\" aria-level=\"1\">Book: \"Forensic Psychology\" in progress.<\/li>\n<\/ol>\n<p style=\"text-align: left;\"><br \/><br \/><br \/><\/p>\n<ol style=\"text-align: left;\">\n<li><span style=\"font-weight: 400;\">Research works:<\/span><\/li>\n<\/ol>\n<ol style=\"text-align: left;\">\n<li style=\"font-weight: 400;\" aria-level=\"1\"><span style=\"font-weight: 400;\">\"Diminished Imputability. A Clinical-Legal Case\". 1999. College of Psychologists of the Province of C\u00f3rdoba. 2005.<\/span><\/li>\n<li style=\"font-weight: 400;\" aria-level=\"1\"><span style=\"font-weight: 400;\">\"Mental Retardation Before the Law in Sexual Abuse Crimes\". 2005. Judiciary of C\u00f3rdoba.<\/span><\/li>\n<li style=\"font-weight: 400;\" aria-level=\"1\"><span style=\"font-weight: 400;\">\"Mirror Neurons and Psychopathy\". Basic Research. 2012-2013. UNC<\/span><\/li>\n<li style=\"font-weight: 400;\" aria-level=\"1\"><span style=\"font-weight: 400;\">Directed and conducted research work in the Community of Chamical City, La Rioja Province, at the request of the Dean of the Faculty of the National University of La Rioja \u2013 Chamical Branch, Dr. Rosendo Vera, and Prosecutor Dr. Enrique Stoller, Representative of the Public Ministries of the III Judicial District. The Psychological Autopsy of seven young people who committed suicide in a short term in the said city was carried out, the results of which were presented at the \"Conference on Adolescent Suicide in the Community of Chamical, La Rioja Province\", on September 25, 2004. Chamical University Campus of the National University of La Rioja.\u00a0<\/span><\/li>\n<li style=\"font-weight: 400;\" aria-level=\"1\"><span style=\"font-weight: 400;\">\u00a0\"Evaluation of Neuropsychological Aspects in Psychopathy\". Master's Thesis in Neuropsychology. 1999-2001. Faculty of Psychology. National University of C\u00f3rdoba.<\/span><\/li>\n<li style=\"font-weight: 400;\" aria-level=\"1\"><span style=\"font-weight: 400;\">\"Analysis of the content of responses in the Rorschach tests of Abusers\". Ongoing research on 1200 protocols.<\/span><\/li>\n<\/ol>\n<p style=\"text-align: left;\"><br \/><br \/><\/p>\n<h2 style=\"text-align: left;\"><span style=\"font-weight: 400;\"><strong>Dissertations<\/strong>:\u00a0<\/span><\/h2>\n<p style=\"text-align: left;\"><span style=\"font-weight: 400;\">Speaker at national and international conferences and conferences from 1992 to the present. <\/span><\/p>\n\n\t\t<\/div>\n\t\t\t\t\t<\/div>\n\n\t\n\n<\/div>\n\n\t\t<\/div>\n\n\t\t\n<style>\n#section_2054382952 {\n  padding-top: 30px;\n  padding-bottom: 30px;\n}\n<\/style>\n\t<\/section>","protected":false},"excerpt":{"rendered":"","protected":false},"author":1,"featured_media":0,"parent":0,"menu_order":0,"comment_status":"closed","ping_status":"closed","template":"page-blank.php","meta":{"footnotes":""},"class_list":["post-397","page","type-page","status-publish","hentry"],"_links":{"self":[{"href":"https:\/\/psicologamarcelascarafia.com\/en_en\/wp-json\/wp\/v2\/pages\/397","targetHints":{"allow":["GET"]}}],"collection":[{"href":"https:\/\/psicologamarcelascarafia.com\/en_en\/wp-json\/wp\/v2\/pages"}],"about":[{"href":"https:\/\/psicologamarcelascarafia.com\/en_en\/wp-json\/wp\/v2\/types\/page"}],"author":[{"embeddable":true,"href":"https:\/\/psicologamarcelascarafia.com\/en_en\/wp-json\/wp\/v2\/users\/1"}],"replies":[{"embeddable":true,"href":"https:\/\/psicologamarcelascarafia.com\/en_en\/wp-json\/wp\/v2\/comments?post=397"}],"version-history":[{"count":5,"href":"https:\/\/psicologamarcelascarafia.com\/en_en\/wp-json\/wp\/v2\/pages\/397\/revisions"}],"predecessor-version":[{"id":403,"href":"https:\/\/psicologamarcelascarafia.com\/en_en\/wp-json\/wp\/v2\/pages\/397\/revisions\/403"}],"wp:attachment":[{"href":"https:\/\/psicologamarcelascarafia.com\/en_en\/wp-json\/wp\/v2\/media?parent=397"}],"curies":[{"name":"wp","href":"https:\/\/api.w.org\/{rel}","templated":true}]}}